{"id":2166,"date":"2025-06-07T13:49:30","date_gmt":"2025-06-07T13:49:30","guid":{"rendered":"https:\/\/rawsonambiental.com\/?page_id=2166"},"modified":"2026-02-02T17:50:36","modified_gmt":"2026-02-02T17:50:36","slug":"recetas-con-salicornias","status":"publish","type":"page","link":"https:\/\/rawsonambiental.com\/en\/recetas-con-salicornias\/","title":{"rendered":"Recetas con Salicornias"},"content":{"rendered":"<p><div class=\"fusion-fullwidth fullwidth-box fusion-builder-row-1 fusion-flex-container has-pattern-background has-mask-background nonhundred-percent-fullwidth non-hundred-percent-height-scrolling\" style=\"--awb-border-radius-top-left:0px;--awb-border-radius-top-right:0px;--awb-border-radius-bottom-right:0px;--awb-border-radius-bottom-left:0px;--awb-flex-wrap:wrap;\" ><div class=\"fusion-builder-row fusion-row fusion-flex-align-items-flex-start fusion-flex-content-wrap\" style=\"max-width:1248px;margin-left: calc(-4% \/ 2 );margin-right: calc(-4% \/ 2 );\"><div class=\"fusion-layout-column fusion_builder_column fusion-builder-column-0 fusion_builder_column_1_1 1_1 fusion-flex-column\" style=\"--awb-bg-size:cover;--awb-width-large:100%;--awb-margin-top-large:0px;--awb-spacing-right-large:1.92%;--awb-margin-bottom-large:20px;--awb-spacing-left-large:1.92%;--awb-width-medium:100%;--awb-order-medium:0;--awb-spacing-right-medium:1.92%;--awb-spacing-left-medium:1.92%;--awb-width-small:100%;--awb-order-small:0;--awb-spacing-right-small:1.92%;--awb-spacing-left-small:1.92%;\"><div class=\"fusion-column-wrapper fusion-column-has-shadow fusion-flex-justify-content-flex-start fusion-content-layout-column\"><div class=\"fusion-text fusion-text-1\"><h2 style=\"text-align: center;\">RECETAS CON SALICORNIAS<\/h2>\n<p style=\"text-align: center;\">Como las salicornias salan las comidas, NO DEBES AGREGAR SAL DE MESA a las preparaciones que hagas<\/p>\n<\/div><\/div><\/div><\/div><\/div><div class=\"fusion-fullwidth fullwidth-box fusion-builder-row-2 fusion-flex-container has-pattern-background has-mask-background nonhundred-percent-fullwidth non-hundred-percent-height-scrolling\" style=\"--awb-border-radius-top-left:0px;--awb-border-radius-top-right:0px;--awb-border-radius-bottom-right:0px;--awb-border-radius-bottom-left:0px;--awb-flex-wrap:wrap;\" ><div class=\"fusion-builder-row fusion-row fusion-flex-align-items-flex-start fusion-flex-content-wrap\" style=\"max-width:1248px;margin-left: calc(-4% \/ 2 );margin-right: calc(-4% \/ 2 );\"><div class=\"fusion-layout-column fusion_builder_column fusion-builder-column-1 fusion_builder_column_1_1 1_1 fusion-flex-column\" style=\"--awb-bg-size:cover;--awb-width-large:100%;--awb-margin-top-large:0px;--awb-spacing-right-large:1.92%;--awb-margin-bottom-large:20px;--awb-spacing-left-large:1.92%;--awb-width-medium:100%;--awb-order-medium:0;--awb-spacing-right-medium:1.92%;--awb-spacing-left-medium:1.92%;--awb-width-small:100%;--awb-order-small:0;--awb-spacing-right-small:1.92%;--awb-spacing-left-small:1.92%;\"><div class=\"fusion-column-wrapper fusion-column-has-shadow fusion-flex-justify-content-flex-start fusion-content-layout-column\"><div class=\"fusion-text fusion-text-2\"><p>1. SALICORNIA SALTEADA AL AJO (GUARNICI\u00d3N CL\u00c1SICA)<br \/>\nIngredientes:<br \/>\n200 g de salicornias frescas<br \/>\n1 diente de ajo picado<br \/>\n1 cda de aceite de oliva<br \/>\nPimienta negra al gusto<br \/>\nPreparaci\u00f3n:<br \/>\n1. Blanquear las salicornias 30 segundos en agua hirviendo sin sal. Escurrir y enfriar en agua con hielo.<br \/>\n2. Saltear el ajo en aceite de oliva hasta dorar ligeramente.<br \/>\n3. Agregar las salicornias escurridas y saltear 2 minutos.<br \/>\n4. Servir con unas gotas de lim\u00f3n.<br \/>\nIdeal como acompa\u00f1amiento de pescados o mariscos o para agregar sobre la pizza de mozarela cuando est\u00e9 lista para servir.<\/p>\n<\/div><\/div><\/div><\/div><\/div><div class=\"fusion-fullwidth fullwidth-box fusion-builder-row-3 fusion-flex-container has-pattern-background has-mask-background nonhundred-percent-fullwidth non-hundred-percent-height-scrolling\" style=\"--awb-border-radius-top-left:0px;--awb-border-radius-top-right:0px;--awb-border-radius-bottom-right:0px;--awb-border-radius-bottom-left:0px;--awb-flex-wrap:wrap;\" ><div class=\"fusion-builder-row fusion-row fusion-flex-align-items-flex-start fusion-flex-content-wrap\" style=\"max-width:1248px;margin-left: calc(-4% \/ 2 );margin-right: calc(-4% \/ 2 );\"><div class=\"fusion-layout-column fusion_builder_column fusion-builder-column-2 fusion_builder_column_1_1 1_1 fusion-flex-column\" style=\"--awb-bg-size:cover;--awb-width-large:100%;--awb-margin-top-large:0px;--awb-spacing-right-large:1.92%;--awb-margin-bottom-large:20px;--awb-spacing-left-large:1.92%;--awb-width-medium:100%;--awb-order-medium:0;--awb-spacing-right-medium:1.92%;--awb-spacing-left-medium:1.92%;--awb-width-small:100%;--awb-order-small:0;--awb-spacing-right-small:1.92%;--awb-spacing-left-small:1.92%;\"><div class=\"fusion-column-wrapper fusion-column-has-shadow fusion-flex-justify-content-flex-start fusion-content-layout-column\"><div class=\"fusion-text fusion-text-3\"><p>2. CEVICHE DE SALM\u00d3N CON SALICORNIAS<br \/>\nIngredientes:<br \/>\n200 g de salm\u00f3n fresco en cubos<br \/>\n50 g de salicornias picadas<br \/>\n1 cda de aceite de s\u00e9samo u oliva<br \/>\nJugo de 1 lim\u00f3n<br \/>\nCebolla morada picada<br \/>\nUn toque de jengibre, cilandro o chile fresco<br \/>\nPreparaci\u00f3n:<br \/>\n1. Mezclar todos los ingredientes en fr\u00edo.<br \/>\n2. Dejar reposar 10 minutos en heladera antes de servir.<br \/>\nEl sabor salado de la salicornia equilibra muy bien con la grasa del salm\u00f3n.<\/p>\n<\/div><\/div><\/div><\/div><\/div><div class=\"fusion-fullwidth fullwidth-box fusion-builder-row-4 fusion-flex-container has-pattern-background has-mask-background nonhundred-percent-fullwidth non-hundred-percent-height-scrolling\" style=\"--awb-border-radius-top-left:0px;--awb-border-radius-top-right:0px;--awb-border-radius-bottom-right:0px;--awb-border-radius-bottom-left:0px;--awb-flex-wrap:wrap;\" ><div class=\"fusion-builder-row fusion-row fusion-flex-align-items-flex-start fusion-flex-content-wrap\" style=\"max-width:1248px;margin-left: calc(-4% \/ 2 );margin-right: calc(-4% \/ 2 );\"><div class=\"fusion-layout-column fusion_builder_column fusion-builder-column-3 fusion_builder_column_1_1 1_1 fusion-flex-column\" style=\"--awb-bg-size:cover;--awb-width-large:100%;--awb-margin-top-large:0px;--awb-spacing-right-large:1.92%;--awb-margin-bottom-large:20px;--awb-spacing-left-large:1.92%;--awb-width-medium:100%;--awb-order-medium:0;--awb-spacing-right-medium:1.92%;--awb-spacing-left-medium:1.92%;--awb-width-small:100%;--awb-order-small:0;--awb-spacing-right-small:1.92%;--awb-spacing-left-small:1.92%;\"><div class=\"fusion-column-wrapper fusion-column-has-shadow fusion-flex-justify-content-flex-start fusion-content-layout-column\"><div class=\"fusion-text fusion-text-4\"><p>3. RISOTTO DE MAR CON SALICORNIAS<br \/>\nIngredientes:<br \/>\n200 g de arroz<br \/>\nCaldo de pescado a necesidad<br \/>\n2 Cebollas picadas<br \/>\n1 zanahoria en finas fetas<br \/>\n1 morr\u00f3n colado cortado en juliana<br \/>\n1 diente de ajo picado<br \/>\n1 vaso de vino blanco<br \/>\n100 g de salicornias<br \/>\n200 g de mariscos<br \/>\nManteca y parmesano a gusto<br \/>\nPreparaci\u00f3n:<br \/>\n1. Preparar el risotto al estilo cl\u00e1sico: saltear cebolla, morr\u00f3n y zanahoria. Cuando est\u00e9n listos agregar el ajo, a\u00f1adir arroz, desglasar con vino, e ir agregando caldo.<br \/>\n2. A\u00f1adir los mariscos casi al final.<br \/>\n3. Incorporar las salicornias frescas en los \u00faltimos 3 minutos para que mantengan textura.<br \/>\n4. Terminar con manteca y parmesano.<\/p>\n<\/div><\/div><\/div><\/div><\/div><div class=\"fusion-fullwidth fullwidth-box fusion-builder-row-5 fusion-flex-container has-pattern-background has-mask-background nonhundred-percent-fullwidth non-hundred-percent-height-scrolling\" style=\"--awb-border-radius-top-left:0px;--awb-border-radius-top-right:0px;--awb-border-radius-bottom-right:0px;--awb-border-radius-bottom-left:0px;--awb-flex-wrap:wrap;\" ><div class=\"fusion-builder-row fusion-row fusion-flex-align-items-flex-start fusion-flex-content-wrap\" style=\"max-width:1248px;margin-left: calc(-4% \/ 2 );margin-right: calc(-4% \/ 2 );\"><div class=\"fusion-layout-column fusion_builder_column fusion-builder-column-4 fusion_builder_column_1_1 1_1 fusion-flex-column\" style=\"--awb-bg-size:cover;--awb-width-large:100%;--awb-margin-top-large:0px;--awb-spacing-right-large:1.92%;--awb-margin-bottom-large:20px;--awb-spacing-left-large:1.92%;--awb-width-medium:100%;--awb-order-medium:0;--awb-spacing-right-medium:1.92%;--awb-spacing-left-medium:1.92%;--awb-width-small:100%;--awb-order-small:0;--awb-spacing-right-small:1.92%;--awb-spacing-left-small:1.92%;\"><div class=\"fusion-column-wrapper fusion-column-has-shadow fusion-flex-justify-content-flex-start fusion-content-layout-column\"><div class=\"fusion-text fusion-text-5\"><p>4. TEMPURA DE SALICORNIAS<br \/>\nIngredientes:<br \/>\nSalicornias enteras<br \/>\nHarina de tempura o mezcla (harina + agua helada + maicena)<br \/>\nAceite para fre\u00edr<br \/>\nPreparaci\u00f3n:<br \/>\n1. Preparar una masa ligera de tempura.<br \/>\n2. Pasar las salicornias por la mezcla y fre\u00edr brevemente en aceite caliente.<br \/>\n3. Escurrir sobre papel absorbente y servir con salsa de soja o ponzu.<br \/>\nIdeal como entrada o para acompa\u00f1ar una picada con cerveza.<\/p>\n<\/div><\/div><\/div><\/div><\/div><div class=\"fusion-fullwidth fullwidth-box fusion-builder-row-6 fusion-flex-container has-pattern-background has-mask-background nonhundred-percent-fullwidth non-hundred-percent-height-scrolling\" style=\"--awb-border-radius-top-left:0px;--awb-border-radius-top-right:0px;--awb-border-radius-bottom-right:0px;--awb-border-radius-bottom-left:0px;--awb-flex-wrap:wrap;\" ><div class=\"fusion-builder-row fusion-row fusion-flex-align-items-flex-start fusion-flex-content-wrap\" style=\"max-width:1248px;margin-left: calc(-4% \/ 2 );margin-right: calc(-4% \/ 2 );\"><div class=\"fusion-layout-column fusion_builder_column fusion-builder-column-5 fusion_builder_column_1_1 1_1 fusion-flex-column\" style=\"--awb-bg-size:cover;--awb-width-large:100%;--awb-margin-top-large:0px;--awb-spacing-right-large:1.92%;--awb-margin-bottom-large:20px;--awb-spacing-left-large:1.92%;--awb-width-medium:100%;--awb-order-medium:0;--awb-spacing-right-medium:1.92%;--awb-spacing-left-medium:1.92%;--awb-width-small:100%;--awb-order-small:0;--awb-spacing-right-small:1.92%;--awb-spacing-left-small:1.92%;\"><div class=\"fusion-column-wrapper fusion-column-has-shadow fusion-flex-justify-content-flex-start fusion-content-layout-column\"><div class=\"fusion-text fusion-text-6\"><p>5. ENSALADA FRESCA DE VERANO CON SALICORNIAS<br \/>\nIngredientes:<br \/>\n100 g Salicornias frescas<br \/>\n100 g de Tomates cherry<br \/>\n\u00bd Pepino<br \/>\n\u00bd Cebolla morada<br \/>\nAceite de oliva, vinagre y pimienta<br \/>\nPreparaci\u00f3n:<br \/>\n1. Mezclar todo en fr\u00edo.<br \/>\n2. No es necesario\u00a0agregar\u00a0sal.<\/p>\n<\/div><\/div><\/div><\/div><\/div><div class=\"fusion-fullwidth fullwidth-box fusion-builder-row-7 fusion-flex-container has-pattern-background has-mask-background nonhundred-percent-fullwidth non-hundred-percent-height-scrolling\" style=\"--awb-border-radius-top-left:0px;--awb-border-radius-top-right:0px;--awb-border-radius-bottom-right:0px;--awb-border-radius-bottom-left:0px;--awb-flex-wrap:wrap;\" ><div class=\"fusion-builder-row fusion-row fusion-flex-align-items-flex-start fusion-flex-content-wrap\" style=\"max-width:1248px;margin-left: calc(-4% \/ 2 );margin-right: calc(-4% \/ 2 );\"><div class=\"fusion-layout-column fusion_builder_column fusion-builder-column-6 fusion_builder_column_1_1 1_1 fusion-flex-column\" style=\"--awb-bg-size:cover;--awb-width-large:100%;--awb-margin-top-large:0px;--awb-spacing-right-large:1.92%;--awb-margin-bottom-large:20px;--awb-spacing-left-large:1.92%;--awb-width-medium:100%;--awb-order-medium:0;--awb-spacing-right-medium:1.92%;--awb-spacing-left-medium:1.92%;--awb-width-small:100%;--awb-order-small:0;--awb-spacing-right-small:1.92%;--awb-spacing-left-small:1.92%;\"><div class=\"fusion-column-wrapper fusion-column-has-shadow fusion-flex-justify-content-flex-start fusion-content-layout-column\"><div class=\"fusion-text fusion-text-7\"><p>6. PASTA CON SALICORNIA, AJO Y CREMA DE LIM\u00d3N<\/p>\n<p>Ingredientes (para 2 porciones):<br \/>\n200 g de pasta (linguine, tagliatelle o spaghetti)<br \/>\n80\u2013100 g de salicornias frescas<br \/>\n2 dientes de ajo laminados<br \/>\n200 g de crema<br \/>\nRalladura de 1 lim\u00f3n<br \/>\n3 cucharadas de aceite de oliva virgen extra<br \/>\nPimienta negra reci\u00e9n molida<br \/>\nQueso parmesano o pecorino (opcional)<br \/>\nPreparaci\u00f3n:<\/p>\n<p>1. Blanquear las salicornias<br \/>\nHervir agua sin sal. Blanquear las salicornias durante 30 segundos, luego pasarlas a un bol con agua fr\u00eda para cortar la cocci\u00f3n. Escurrir y reservar.<br \/>\n2. Cocinar la pasta<br \/>\nHervir la pasta en abundante agua SIN SAL (la salicornia aportar\u00e1 el toque salado). Cocinar hasta que est\u00e9 al dente. Reservar una taza del agua de cocci\u00f3n antes de colar.<br \/>\n3. Saltear el ajo<br \/>\nEn una sart\u00e9n grande, calentar el aceite de oliva y saltear el ajo hasta que apenas empiece a dorarse y agregar luego la crema.<br \/>\n4. Incorporar la salicornia<br \/>\nA\u00f1adir las salicornias escurridas a la sart\u00e9n. Saltear 1\u20132 minutos para que se impregnen del aceite y el ajo.<br \/>\n5. Mezclar con la pasta<br \/>\nA\u00f1adir la pasta cocida y un poco del agua reservada. Mezclar bien para que se integre todo. Agregar la ralladura de lim\u00f3n. Ajustar la pimienta a gusto.<br \/>\n6. Servir<br \/>\nServir caliente, con un toque de queso rallado si se desea, aunque tambi\u00e9n funciona muy bien sin \u00e9l para mantener el perfil marino\u00a0del\u00a0plato.<\/p>\n<\/div><\/div><\/div><\/div><\/div><div class=\"fusion-fullwidth fullwidth-box fusion-builder-row-8 fusion-flex-container has-pattern-background has-mask-background nonhundred-percent-fullwidth non-hundred-percent-height-scrolling\" style=\"--awb-border-radius-top-left:0px;--awb-border-radius-top-right:0px;--awb-border-radius-bottom-right:0px;--awb-border-radius-bottom-left:0px;--awb-flex-wrap:wrap;\" ><div class=\"fusion-builder-row fusion-row fusion-flex-align-items-flex-start fusion-flex-content-wrap\" style=\"max-width:1248px;margin-left: calc(-4% \/ 2 );margin-right: calc(-4% \/ 2 );\"><div class=\"fusion-layout-column fusion_builder_column fusion-builder-column-7 fusion_builder_column_1_2 1_2 fusion-flex-column\" style=\"--awb-bg-size:cover;--awb-width-large:50%;--awb-margin-top-large:0px;--awb-spacing-right-large:3.84%;--awb-margin-bottom-large:20px;--awb-spacing-left-large:3.84%;--awb-width-medium:50%;--awb-order-medium:0;--awb-spacing-right-medium:3.84%;--awb-spacing-left-medium:3.84%;--awb-width-small:100%;--awb-order-small:0;--awb-spacing-right-small:1.92%;--awb-spacing-left-small:1.92%;\"><div class=\"fusion-column-wrapper fusion-column-has-shadow fusion-flex-justify-content-flex-start fusion-content-layout-column\"><div class=\"fusion-text fusion-text-8\"><p>7. CHICKEN, ZUCCHINI, AND SALICORNIA TART<\/p>\n<p>INGREDIENTS.<\/p>\n<p>Half a chicken breast.<\/p>\n<p>1 onion. 150g of samphire.<\/p>\n<p>100g of cream cheese.<\/p>\n<p>100 g of grated cheese.<\/p>\n<p>6 zucchini.<\/p>\n<p>4 eggs.<\/p>\n<p>1 pie crust.<\/p>\n<p>Ground white pepper.<\/p>\n<p>A sprinkle of grated cheese if desired, although it also works very well without it to maintain the dish's marine profile.<\/p>\n<p>PREPARATION. DO NOT ADD SALT. Fry the chopped onion and the salicornia. Add the chicken in small pieces and the chopped zucchini. Cook. Once it cools slightly, add the pepper, beaten eggs, and cheeses. Place a pie crust in a tart pan and add the filling. Cover with the other crust and brush with egg yolk. Bake in a moderate oven (180\u00b0C\/40 minutes). Enjoy<\/p>\n<\/div><\/div><\/div><div class=\"fusion-layout-column fusion_builder_column fusion-builder-column-8 fusion_builder_column_1_2 1_2 fusion-flex-column\" style=\"--awb-bg-size:cover;--awb-width-large:50%;--awb-margin-top-large:0px;--awb-spacing-right-large:3.84%;--awb-margin-bottom-large:20px;--awb-spacing-left-large:3.84%;--awb-width-medium:50%;--awb-order-medium:0;--awb-spacing-right-medium:3.84%;--awb-spacing-left-medium:3.84%;--awb-width-small:100%;--awb-order-small:0;--awb-spacing-right-small:1.92%;--awb-spacing-left-small:1.92%;\"><div class=\"fusion-column-wrapper fusion-column-has-shadow fusion-flex-justify-content-flex-start fusion-content-layout-column\"><div class=\"fusion-image-element\" style=\"--awb-caption-title-font-family:var(--h2_typography-font-family);--awb-caption-title-font-weight:var(--h2_typography-font-weight);--awb-caption-title-font-style:var(--h2_typography-font-style);--awb-caption-title-size:var(--h2_typography-font-size);--awb-caption-title-transform:var(--h2_typography-text-transform);--awb-caption-title-line-height:var(--h2_typography-line-height);--awb-caption-title-letter-spacing:var(--h2_typography-letter-spacing);\"><span class=\"fusion-imageframe imageframe-none imageframe-1 hover-type-none\"><img decoding=\"async\" width=\"873\" height=\"1280\" title=\"WhatsApp Image 2026-02-01 at 16.58.43\" src=\"https:\/\/rawsonambiental.com\/wp-content\/uploads\/2026\/02\/WhatsApp-Image-2026-02-01-at-16.58.43.jpeg\" data-orig-src=\"http:\/\/rawsonambiental.com\/wp-content\/uploads\/2026\/02\/WhatsApp-Image-2026-02-01-at-16.58.43.jpeg\" alt class=\"lazyload img-responsive wp-image-2372\" srcset=\"data:image\/svg+xml,%3Csvg%20xmlns%3D%27http%3A%2F%2Fwww.w3.org%2F2000%2Fsvg%27%20width%3D%27873%27%20height%3D%271280%27%20viewBox%3D%270%200%20873%201280%27%3E%3Crect%20width%3D%27873%27%20height%3D%271280%27%20fill-opacity%3D%220%22%2F%3E%3C%2Fsvg%3E\" data-srcset=\"https:\/\/rawsonambiental.com\/wp-content\/uploads\/2026\/02\/WhatsApp-Image-2026-02-01-at-16.58.43-200x293.jpeg 200w, https:\/\/rawsonambiental.com\/wp-content\/uploads\/2026\/02\/WhatsApp-Image-2026-02-01-at-16.58.43-400x586.jpeg 400w, https:\/\/rawsonambiental.com\/wp-content\/uploads\/2026\/02\/WhatsApp-Image-2026-02-01-at-16.58.43-600x880.jpeg 600w, https:\/\/rawsonambiental.com\/wp-content\/uploads\/2026\/02\/WhatsApp-Image-2026-02-01-at-16.58.43-800x1173.jpeg 800w, https:\/\/rawsonambiental.com\/wp-content\/uploads\/2026\/02\/WhatsApp-Image-2026-02-01-at-16.58.43.jpeg 873w\" data-sizes=\"auto\" data-orig-sizes=\"(max-width: 640px) 100vw, 600px\" \/><\/span><\/div><\/div><\/div><\/div><\/div><\/p>","protected":false},"excerpt":{"rendered":"","protected":false},"author":1,"featured_media":0,"parent":0,"menu_order":0,"comment_status":"closed","ping_status":"closed","template":"","meta":{"footnotes":""},"class_list":["post-2166","page","type-page","status-publish","hentry"],"_links":{"self":[{"href":"https:\/\/rawsonambiental.com\/en\/wp-json\/wp\/v2\/pages\/2166","targetHints":{"allow":["GET"]}}],"collection":[{"href":"https:\/\/rawsonambiental.com\/en\/wp-json\/wp\/v2\/pages"}],"about":[{"href":"https:\/\/rawsonambiental.com\/en\/wp-json\/wp\/v2\/types\/page"}],"author":[{"embeddable":true,"href":"https:\/\/rawsonambiental.com\/en\/wp-json\/wp\/v2\/users\/1"}],"replies":[{"embeddable":true,"href":"https:\/\/rawsonambiental.com\/en\/wp-json\/wp\/v2\/comments?post=2166"}],"version-history":[{"count":3,"href":"https:\/\/rawsonambiental.com\/en\/wp-json\/wp\/v2\/pages\/2166\/revisions"}],"predecessor-version":[{"id":2373,"href":"https:\/\/rawsonambiental.com\/en\/wp-json\/wp\/v2\/pages\/2166\/revisions\/2373"}],"wp:attachment":[{"href":"https:\/\/rawsonambiental.com\/en\/wp-json\/wp\/v2\/media?parent=2166"}],"curies":[{"name":"wp","href":"https:\/\/api.w.org\/{rel}","templated":true}]}}